{"id":60,"date":"2021-01-02T03:39:13","date_gmt":"2021-01-02T03:39:13","guid":{"rendered":"http:\/\/www.neuewebseite.danielbark.de\/?page_id=60"},"modified":"2026-04-14T13:38:44","modified_gmt":"2026-04-14T13:38:44","slug":"impressum","status":"publish","type":"page","link":"https:\/\/www.danielbark.de\/english\/impressum","title":{"rendered":"Imprint"},"content":{"rendered":"<div data-elementor-type=\"wp-page\" data-elementor-id=\"60\" class=\"elementor elementor-60\">\n\t\t\t\t\t\t<section class=\"elementor-section elementor-top-section elementor-element elementor-element-73cfaa3 elementor-section-boxed elementor-section-height-default elementor-section-height-default wpr-particle-no wpr-jarallax-no wpr-parallax-no wpr-sticky-section-no\" data-id=\"73cfaa3\" data-element_type=\"section\" data-e-type=\"section\">\n\t\t\t\t\t\t<div class=\"elementor-container elementor-column-gap-default\">\n\t\t\t\t\t<div class=\"elementor-column elementor-col-100 elementor-top-column elementor-element elementor-element-144ce3da\" data-id=\"144ce3da\" data-element_type=\"column\" data-e-type=\"column\">\n\t\t\t<div class=\"elementor-widget-wrap elementor-element-populated\">\n\t\t\t\t\t\t<div class=\"elementor-element elementor-element-4cfd0c91 elementor-widget__width-initial elementor-widget-tablet__width-initial elementor-widget elementor-widget-text-editor\" data-id=\"4cfd0c91\" data-element_type=\"widget\" data-e-type=\"widget\" data-widget_type=\"text-editor.default\">\n\t\t\t\t<div class=\"elementor-widget-container\">\n\t\t\t\t\t\t\t\t\t<div class=\"impressum\"><h4>Imprint<\/h4><p>Information according to \u00a7 5 TMG (German Telemedia Act)<\/p><p>Daniel Bark <br \/>W\u00fclfrather Str. 35<br \/>42105 Wuppertal - Germany<\/p><p><strong>Represented by: <\/strong><br \/>Daniel Bark<\/p><p><strong>Contact:<\/strong> <br \/>Phone: +49 202-52748716<br \/>Email: <a href=\"\/\"  class=\"mailcrypt\">info<span><span>\u2202<\/span><\/span>danielbark.de<\/a><\/p><h4>Disclaimer:<\/h4><p><strong>Liability for Content<\/strong><\/p><p>The content of our pages has been created with the utmost care. However, we cannot guarantee the accuracy, completeness, and timeliness of the content. As a service provider, we are responsible for our own content on these pages in accordance with \u00a7 7(1) of the German Telemedia Act (TMG) and general laws. According to \u00a7\u00a7 8 to 10 TMG, we are not obligated as a service provider to monitor transmitted or stored third-party information or to investigate circumstances that indicate illegal activity. Obligations to remove or block the use of information under general laws remain unaffected. However, liability in this regard is only possible from the moment of knowledge of a specific legal violation. If we become aware of corresponding legal violations, we will remove such content immediately.<\/p><p><strong>Liability for Links<\/strong><\/p><p>Our website may contain links to external third-party websites, over whose content we have no control. Therefore, we cannot assume any liability for these external contents. The respective provider or operator of the linked websites is always responsible for the content of the linked pages. The linked websites were checked for possible legal violations at the time of linking. Illegal content was not recognizable at the time of linking. However, a permanent content control of the linked pages is not reasonable without concrete evidence of a legal violation. If we become aware of legal violations, we will remove such links immediately.<\/p><p><strong>Copyright<\/strong><\/p><p>The content and works created by the operators of these pages are subject to German copyright law. The duplication, editing, distribution, and any kind of utilization beyond the limits of copyright require the written consent of the respective author or creator. Downloads and copies of this page are only permitted for private, non-commercial use. Insofar as the content on this page was not created by the operator, the copyrights of third parties are respected. In particular, third-party content is identified as such. If you nevertheless become aware of a copyright infringement, please let us know. If we become aware of legal violations, we will promptly remove such content.<\/p><p><strong>Privacy\/Data Protection<\/strong><\/p><p>The use of our website is generally possible without providing personal data. To the extent that personal data (e.g., name, address, or email addresses) is collected on our pages, this is always done on a voluntary basis to the extent possible. This data will not be disclosed to third parties without your express consent. <br \/>We would like to point out that data transmission over the internet (e.g., when communicating via email) can have security vulnerabilities. A complete protection of data against access by third parties is not possible. <br \/>The use of contact information published as part of the imprint obligation by third parties for sending unsolicited advertising and informational materials is expressly prohibited. The operators of these pages expressly reserve the right to take legal action in the event of unsolicited sending of promotional information, such as spam emails.<\/p><div id=\"link\">Website Imprint from <a href=\"https:\/\/www.impressum-generator.de\">impressum-generator.de<\/a><\/div><\/div><div>\u00a0<\/div><div>\u00a0<\/div><h4>Privacy Statement<\/h4><div><p>We do not collect any personal data from visitors to this website. Any information gathered is non-personal and is used solely for the purpose of improving the website's performance and user experience. We may collect non-personal data such as anonymous usage statistics or cookie information. These statistics help us analyze website traffic and enhance our content.<\/p><p>Please note that while we do not collect personal data, data transmission over the internet, including email communication, may have security vulnerabilities. We take reasonable measures to protect any non-personal data collected. If you have any questions or concerns about your privacy while using this website, please feel free to contact us.<\/p><\/div>\t\t\t\t\t\t\t\t<\/div>\n\t\t\t\t<\/div>\n\t\t\t\t\t<\/div>\n\t\t<\/div>\n\t\t\t\t\t<\/div>\n\t\t<\/section>\n\t\t\t\t<section class=\"elementor-section elementor-top-section elementor-element elementor-element-dd5d417 elementor-section-boxed elementor-section-height-default elementor-section-height-default wpr-particle-no wpr-jarallax-no wpr-parallax-no wpr-sticky-section-no\" data-id=\"dd5d417\" data-element_type=\"section\" data-e-type=\"section\">\n\t\t\t\t\t\t<div class=\"elementor-container elementor-column-gap-default\">\n\t\t\t\t\t<div class=\"elementor-column elementor-col-100 elementor-top-column elementor-element elementor-element-1b42a0f\" data-id=\"1b42a0f\" data-element_type=\"column\" data-e-type=\"column\">\n\t\t\t<div class=\"elementor-widget-wrap\">\n\t\t\t\t\t\t\t<\/div>\n\t\t<\/div>\n\t\t\t\t\t<\/div>\n\t\t<\/section>\n\t\t\t\t<\/div>","protected":false},"excerpt":{"rendered":"<p>Impressum Angaben gem\u00e4\u00df \u00a7 5 TMG Daniel Bark W\u00fclfrather Str. 3542105 Wuppertal Vertreten durch: Daniel Bark Kontakt: Telefon: +49 202-52748716E-Mail: info\u2202danielbark.de Haftungsausschluss: Haftung f\u00fcr Inhalte Die Inhalte unserer Seiten wurden mit gr\u00f6\u00dfter Sorgfalt erstellt. F\u00fcr die Richtigkeit, Vollst\u00e4ndigkeit und Aktualit\u00e4t der Inhalte k\u00f6nnen wir jedoch keine Gew\u00e4hr \u00fcbernehmen. Als Diensteanbieter sind wir gem\u00e4\u00df \u00a7 7 Abs.1 TMG f\u00fcr eigene Inhalte auf diesen Seiten nach den allgemeinen Gesetzen verantwortlich. Nach \u00a7\u00a7 8 bis 10 TMG sind wir als Diensteanbieter jedoch nicht verpflichtet, \u00fcbermittelte oder gespeicherte fremde Informationen zu \u00fcberwachen oder nach Umst\u00e4nden zu forschen, die auf eine rechtswidrige T\u00e4tigkeit hinweisen. Verpflichtungen zur Entfernung oder Sperrung der Nutzung von Informationen nach den allgemeinen Gesetzen bleiben hiervon unber\u00fchrt. Eine diesbez\u00fcgliche Haftung ist jedoch erst ab dem Zeitpunkt der Kenntnis einer konkreten Rechtsverletzung m\u00f6glich. Bei Bekanntwerden von entsprechenden Rechtsverletzungen werden wir diese Inhalte umgehend entfernen. Haftung f\u00fcr Links Unser Angebot enth\u00e4lt Links zu externen Webseiten Dritter, auf deren Inhalte wir keinen Einfluss haben. Deshalb k\u00f6nnen wir f\u00fcr diese fremden Inhalte auch keine Gew\u00e4hr \u00fcbernehmen. F\u00fcr die Inhalte der verlinkten Seiten ist stets der jeweilige Anbieter oder Betreiber der Seiten verantwortlich. Die verlinkten Seiten wurden zum Zeitpunkt der Verlinkung auf m\u00f6gliche Rechtsverst\u00f6\u00dfe \u00fcberpr\u00fcft. Rechtswidrige Inhalte waren zum Zeitpunkt der Verlinkung nicht erkennbar. Eine permanente inhaltliche Kontrolle der verlinkten Seiten ist jedoch ohne konkrete Anhaltspunkte einer Rechtsverletzung nicht zumutbar. Bei Bekanntwerden von Rechtsverletzungen werden wir derartige Links umgehend entfernen. Urheberrecht Die durch die Seitenbetreiber erstellten Inhalte und Werke auf diesen Seiten unterliegen dem deutschen Urheberrecht. Die Vervielf\u00e4ltigung, Bearbeitung, Verbreitung und jede Art der Verwertung au\u00dferhalb der Grenzen des Urheberrechtes bed\u00fcrfen der schriftlichen Zustimmung des jeweiligen Autors bzw. Erstellers. Downloads und Kopien dieser Seite sind nur f\u00fcr den privaten, nicht kommerziellen Gebrauch gestattet. Soweit die Inhalte auf dieser Seite nicht vom Betreiber erstellt wurden, werden die Urheberrechte Dritter beachtet. Insbesondere werden Inhalte Dritter als solche gekennzeichnet. Sollten Sie trotzdem auf eine Urheberrechtsverletzung aufmerksam werden, bitten wir um einen entsprechenden Hinweis. Bei Bekanntwerden von Rechtsverletzungen werden wir derartige Inhalte umgehend entfernen. Datenschutz Die Nutzung unserer Webseite ist in der Regel ohne Angabe personenbezogener Daten m\u00f6glich. Soweit auf unseren Seiten personenbezogene Daten (beispielsweise Name, Anschrift oder eMail-Adressen) erhoben werden, erfolgt dies, soweit m\u00f6glich, stets auf freiwilliger Basis. Diese Daten werden ohne Ihre ausdr\u00fcckliche Zustimmung nicht an Dritte weitergegeben. Wir weisen darauf hin, dass die Daten\u00fcbertragung im Internet (z.B. bei der Kommunikation per E-Mail) Sicherheitsl\u00fccken aufweisen kann. Ein l\u00fcckenloser Schutz der Daten vor dem Zugriff durch Dritte ist nicht m\u00f6glich. Der Nutzung von im Rahmen der Impressumspflicht ver\u00f6ffentlichten Kontaktdaten durch Dritte zur \u00dcbersendung von nicht ausdr\u00fccklich angeforderter Werbung und Informationsmaterialien wird hiermit ausdr\u00fccklich widersprochen. Die Betreiber der Seiten behalten sich ausdr\u00fccklich rechtliche Schritte im Falle der unverlangten Zusendung von Werbeinformationen, etwa durch Spam-Mails, vor. Website Impressum von impressum-generator.de\u00a0\u00a0 Datenschutzerkl\u00e4rung Wir sammeln keine pers\u00f6nlichen Daten von Besuchern dieser Website. Jegliche gesammelte Informationen sind nicht pers\u00f6nlicher Natur und dienen ausschlie\u00dflich dazu, die Leistung der Website und das Benutzererlebnis zu verbessern. Wir k\u00f6nnen nicht pers\u00f6nliche Daten wie anonyme Nutzungsstatistiken oder Cookie-Informationen sammeln. Diese Statistiken helfen uns dabei, den Website-Verkehr zu analysieren und unseren Inhalt zu verbessern. Bitte beachten Sie, dass wir keine pers\u00f6nlichen Daten sammeln. Die \u00dcbertragung von Daten \u00fcber das Internet, einschlie\u00dflich E-Mail-Kommunikation, kann Sicherheitsl\u00fccken aufweisen. Wir ergreifen angemessene Ma\u00dfnahmen, um die gesammelten nicht pers\u00f6nlichen Daten zu sch\u00fctzen. Wenn Sie Fragen oder Bedenken hinsichtlich Ihrer Privatsph\u00e4re w\u00e4hrend der Nutzung dieser Website haben, z\u00f6gern Sie nicht, uns zu kontaktieren.<\/p>","protected":false},"author":1,"featured_media":0,"parent":0,"menu_order":0,"comment_status":"closed","ping_status":"closed","template":"","meta":{"ocean_post_layout":"","ocean_both_sidebars_style":"","ocean_both_sidebars_content_width":0,"ocean_both_sidebars_sidebars_width":0,"ocean_sidebar":"0","ocean_second_sidebar":"0","ocean_disable_margins":"enable","ocean_add_body_class":"","ocean_shortcode_before_top_bar":"","ocean_shortcode_after_top_bar":"","ocean_shortcode_before_header":"","ocean_shortcode_after_header":"","ocean_has_shortcode":"","ocean_shortcode_after_title":"","ocean_shortcode_before_footer_widgets":"","ocean_shortcode_after_footer_widgets":"","ocean_shortcode_before_footer_bottom":"","ocean_shortcode_after_footer_bottom":"","ocean_display_top_bar":"default","ocean_display_header":"default","ocean_header_style":"","ocean_center_header_left_menu":"0","ocean_custom_header_template":"0","ocean_custom_logo":0,"ocean_custom_retina_logo":0,"ocean_custom_logo_max_width":0,"ocean_custom_logo_tablet_max_width":0,"ocean_custom_logo_mobile_max_width":0,"ocean_custom_logo_max_height":0,"ocean_custom_logo_tablet_max_height":0,"ocean_custom_logo_mobile_max_height":0,"ocean_header_custom_menu":"0","ocean_menu_typo_font_family":"0","ocean_menu_typo_font_subset":"","ocean_menu_typo_font_size":0,"ocean_menu_typo_font_size_tablet":0,"ocean_menu_typo_font_size_mobile":0,"ocean_menu_typo_font_size_unit":"px","ocean_menu_typo_font_weight":"","ocean_menu_typo_font_weight_tablet":"","ocean_menu_typo_font_weight_mobile":"","ocean_menu_typo_transform":"","ocean_menu_typo_transform_tablet":"","ocean_menu_typo_transform_mobile":"","ocean_menu_typo_line_height":0,"ocean_menu_typo_line_height_tablet":0,"ocean_menu_typo_line_height_mobile":0,"ocean_menu_typo_line_height_unit":"","ocean_menu_typo_spacing":0,"ocean_menu_typo_spacing_tablet":0,"ocean_menu_typo_spacing_mobile":0,"ocean_menu_typo_spacing_unit":"","ocean_menu_link_color":"","ocean_menu_link_color_hover":"","ocean_menu_link_color_active":"","ocean_menu_link_background":"","ocean_menu_link_hover_background":"","ocean_menu_link_active_background":"","ocean_menu_social_links_bg":"","ocean_menu_social_hover_links_bg":"","ocean_menu_social_links_color":"","ocean_menu_social_hover_links_color":"","ocean_disable_title":"on","ocean_disable_heading":"default","ocean_post_title":"","ocean_post_subheading":"","ocean_post_title_style":"","ocean_post_title_background_color":"","ocean_post_title_background":0,"ocean_post_title_bg_image_position":"","ocean_post_title_bg_image_attachment":"","ocean_post_title_bg_image_repeat":"","ocean_post_title_bg_image_size":"","ocean_post_title_height":0,"ocean_post_title_bg_overlay":0.5,"ocean_post_title_bg_overlay_color":"","ocean_disable_breadcrumbs":"default","ocean_breadcrumbs_color":"","ocean_breadcrumbs_separator_color":"","ocean_breadcrumbs_links_color":"","ocean_breadcrumbs_links_hover_color":"","ocean_display_footer_widgets":"default","ocean_display_footer_bottom":"default","ocean_custom_footer_template":"0","footnotes":""},"class_list":["post-60","page","type-page","status-publish","hentry","entry"],"_links":{"self":[{"href":"https:\/\/www.danielbark.de\/english\/wp-json\/wp\/v2\/pages\/60","targetHints":{"allow":["GET"]}}],"collection":[{"href":"https:\/\/www.danielbark.de\/english\/wp-json\/wp\/v2\/pages"}],"about":[{"href":"https:\/\/www.danielbark.de\/english\/wp-json\/wp\/v2\/types\/page"}],"author":[{"embeddable":true,"href":"https:\/\/www.danielbark.de\/english\/wp-json\/wp\/v2\/users\/1"}],"replies":[{"embeddable":true,"href":"https:\/\/www.danielbark.de\/english\/wp-json\/wp\/v2\/comments?post=60"}],"version-history":[{"count":31,"href":"https:\/\/www.danielbark.de\/english\/wp-json\/wp\/v2\/pages\/60\/revisions"}],"predecessor-version":[{"id":5966,"href":"https:\/\/www.danielbark.de\/english\/wp-json\/wp\/v2\/pages\/60\/revisions\/5966"}],"wp:attachment":[{"href":"https:\/\/www.danielbark.de\/english\/wp-json\/wp\/v2\/media?parent=60"}],"curies":[{"name":"wp","href":"https:\/\/api.w.org\/{rel}","templated":true}]}}